{"id":13,"date":"2021-07-30T16:27:58","date_gmt":"2021-07-30T16:27:58","guid":{"rendered":"https:\/\/conferenciaepiscopal.pt\/congressomissio22\/?page_id=13"},"modified":"2022-08-12T17:53:46","modified_gmt":"2022-08-12T17:53:46","slug":"entrada1","status":"publish","type":"page","link":"https:\/\/conferenciaepiscopal.pt\/congressomissio22\/","title":{"rendered":"entrada1"},"content":{"rendered":"<p>[et_pb_section fb_built=&#8221;1&#8243; fullwidth=&#8221;on&#8221; _builder_version=&#8221;4.17.6&#8243; _module_preset=&#8221;default&#8221; global_colors_info=&#8221;{}&#8221;][et_pb_fullwidth_image src=&#8221;https:\/\/conferenciaepiscopal.pt\/congressomissio22\/wp-content\/uploads\/2022\/08\/congresso-missionario-site1.jpg&#8221; title_text=&#8221;congresso-missionario-site1&#8243; _builder_version=&#8221;4.17.6&#8243; _module_preset=&#8221;default&#8221; global_colors_info=&#8221;{}&#8221;][\/et_pb_fullwidth_image][\/et_pb_section][et_pb_section fb_built=&#8221;1&#8243; admin_label=&#8221;tabs&#8221; _builder_version=&#8221;4.17.6&#8243; _module_preset=&#8221;default&#8221; collapsed=&#8221;off&#8221; global_colors_info=&#8221;{}&#8221;][et_pb_row module_id=&#8221;inscricao&#8221; module_class=&#8221;equal-tabs&#8221; _builder_version=&#8221;4.16&#8243; _module_preset=&#8221;default&#8221; global_colors_info=&#8221;{}&#8221;][et_pb_column type=&#8221;4_4&#8243; _builder_version=&#8221;4.16&#8243; _module_preset=&#8221;default&#8221; global_colors_info=&#8221;{}&#8221;][et_pb_tabs active_tab_background_color=&#8221;#d1242a&#8221; inactive_tab_background_color=&#8221;#14a3cf&#8221; active_tab_text_color=&#8221;#ffffff&#8221; module_id=&#8221;inscricao&#8221; module_class=&#8221;equal-tabs&#8221; _builder_version=&#8221;4.17.6&#8243; _module_preset=&#8221;default&#8221; tab_text_color=&#8221;#ffffff&#8221; body_text_color=&#8221;#000000&#8243; tab_font_size=&#8221;24px&#8221; vertical_offset_tablet=&#8221;0&#8243; horizontal_offset_tablet=&#8221;0&#8243; z_index_tablet=&#8221;0&#8243; body_text_shadow_horizontal_length_tablet=&#8221;0px&#8221; body_text_shadow_vertical_length_tablet=&#8221;0px&#8221; body_text_shadow_blur_strength_tablet=&#8221;1px&#8221; tab_text_shadow_horizontal_length_tablet=&#8221;0px&#8221; tab_text_shadow_vertical_length_tablet=&#8221;0px&#8221; tab_text_shadow_blur_strength_tablet=&#8221;1px&#8221; body_link_text_shadow_horizontal_length_tablet=&#8221;0px&#8221; body_link_text_shadow_vertical_length_tablet=&#8221;0px&#8221; body_link_text_shadow_blur_strength_tablet=&#8221;1px&#8221; body_ul_text_shadow_horizontal_length_tablet=&#8221;0px&#8221; body_ul_text_shadow_vertical_length_tablet=&#8221;0px&#8221; body_ul_text_shadow_blur_strength_tablet=&#8221;1px&#8221; body_ol_text_shadow_horizontal_length_tablet=&#8221;0px&#8221; body_ol_text_shadow_vertical_length_tablet=&#8221;0px&#8221; body_ol_text_shadow_blur_strength_tablet=&#8221;1px&#8221; body_quote_text_shadow_horizontal_length_tablet=&#8221;0px&#8221; body_quote_text_shadow_vertical_length_tablet=&#8221;0px&#8221; body_quote_text_shadow_blur_strength_tablet=&#8221;1px&#8221; box_shadow_horizontal_tablet=&#8221;0px&#8221; box_shadow_vertical_tablet=&#8221;0px&#8221; box_shadow_blur_tablet=&#8221;40px&#8221; box_shadow_spread_tablet=&#8221;0px&#8221; global_colors_info=&#8221;{}&#8221;][et_pb_tab title=&#8221;PROGRAMA&#8221; title_tablet=&#8221;PROGRAMA&#8221; title_phone=&#8221;PROGRAMA&#8221; _builder_version=&#8221;4.16&#8243; _module_preset=&#8221;default&#8221; vertical_offset_tablet=&#8221;0&#8243; vertical_offset_phone=&#8221;0&#8243; horizontal_offset_tablet=&#8221;0&#8243; horizontal_offset_phone=&#8221;0&#8243; background_color_gradient_direction_tablet=&#8221;180deg&#8221; background_color_gradient_direction_phone=&#8221;180deg&#8221; background_color_gradient_start_position_tablet=&#8221;0%&#8221; background_color_gradient_start_position_phone=&#8221;0%&#8221; background_color_gradient_end_position_tablet=&#8221;100%&#8221; background_color_gradient_end_position_phone=&#8221;100%&#8221; z_index_tablet=&#8221;0&#8243; z_index_phone=&#8221;0&#8243; hover_transition_duration_tablet=&#8221;300ms&#8221; hover_transition_duration_phone=&#8221;300ms&#8221; hover_transition_delay_tablet=&#8221;0ms&#8221; hover_transition_delay_phone=&#8221;0ms&#8221; body_text_shadow_horizontal_length_tablet=&#8221;0px&#8221; body_text_shadow_horizontal_length_phone=&#8221;0px&#8221; body_text_shadow_vertical_length_tablet=&#8221;0px&#8221; body_text_shadow_vertical_length_phone=&#8221;0px&#8221; body_text_shadow_blur_strength_tablet=&#8221;1px&#8221; body_text_shadow_blur_strength_phone=&#8221;1px&#8221; tab_text_shadow_horizontal_length_tablet=&#8221;0px&#8221; tab_text_shadow_horizontal_length_phone=&#8221;0px&#8221; tab_text_shadow_vertical_length_tablet=&#8221;0px&#8221; tab_text_shadow_vertical_length_phone=&#8221;0px&#8221; tab_text_shadow_blur_strength_tablet=&#8221;1px&#8221; tab_text_shadow_blur_strength_phone=&#8221;1px&#8221; body_link_text_shadow_horizontal_length_tablet=&#8221;0px&#8221; body_link_text_shadow_horizontal_length_phone=&#8221;0px&#8221; body_link_text_shadow_vertical_length_tablet=&#8221;0px&#8221; body_link_text_shadow_vertical_length_phone=&#8221;0px&#8221; body_link_text_shadow_blur_strength_tablet=&#8221;1px&#8221; body_link_text_shadow_blur_strength_phone=&#8221;1px&#8221; body_ul_text_shadow_horizontal_length_tablet=&#8221;0px&#8221; body_ul_text_shadow_horizontal_length_phone=&#8221;0px&#8221; body_ul_text_shadow_vertical_length_tablet=&#8221;0px&#8221; body_ul_text_shadow_vertical_length_phone=&#8221;0px&#8221; body_ul_text_shadow_blur_strength_tablet=&#8221;1px&#8221; body_ul_text_shadow_blur_strength_phone=&#8221;1px&#8221; body_ol_text_shadow_horizontal_length_tablet=&#8221;0px&#8221; body_ol_text_shadow_horizontal_length_phone=&#8221;0px&#8221; body_ol_text_shadow_vertical_length_tablet=&#8221;0px&#8221; body_ol_text_shadow_vertical_length_phone=&#8221;0px&#8221; body_ol_text_shadow_blur_strength_tablet=&#8221;1px&#8221; body_ol_text_shadow_blur_strength_phone=&#8221;1px&#8221; body_quote_text_shadow_horizontal_length_tablet=&#8221;0px&#8221; body_quote_text_shadow_horizontal_length_phone=&#8221;0px&#8221; body_quote_text_shadow_vertical_length_tablet=&#8221;0px&#8221; body_quote_text_shadow_vertical_length_phone=&#8221;0px&#8221; body_quote_text_shadow_blur_strength_tablet=&#8221;1px&#8221; body_quote_text_shadow_blur_strength_phone=&#8221;1px&#8221; global_colors_info=&#8221;{}&#8221;]<\/p>\n<div class=\"pt-cv-wrapper et_smooth_scroll_disabled\"><div class=\"pt-cv-view pt-cv-grid pt-cv-colsys\" id=\"pt-cv-view-191d766edf\"><div data-id=\"pt-cv-page-1\" class=\"pt-cv-page\" data-cvc=\"1\"><div class=\"col-md-12 col-sm-12 col-xs-12 pt-cv-content-item pt-cv-1-col\" ><div class='pt-cv-ifield'><div class=\"pt-cv-content\"><p>14 de outubro de 2022<\/p>\n<p>Fraternidade sem Fronteiras e o Documento de Abu Dhabi<br \/>\nCardeal Miguel Angel Ayuso Guixot<\/p>\n<p>A Fraternidade na Cultura do Di\u00e1logo<br \/>\nProfessora Maria Isabel Capeloa Gil<\/p>\n<p>A Fraternidade na Pol\u00edtica, na Economia e no Modelo Social<br \/>\nDr. Guilherme d\u00b4Oliveira Martins<\/p>\n<p>Perspetivas da Fraternidade sem Fronteiras<br \/>\nPainel 1<br \/>\nIslamismo &#8211; Khalid Jamal<br \/>\nJuda\u00edsmo &#8211; Isaac Assor<br \/>\nCristianismo &#8211; Pedro Gil<br \/>\nModerador &#8211; Henrique Mota<\/p>\n<p>15 de outubro de 2022<\/p>\n<p>Fraternidade e Miss\u00e3o<br \/>\nD. Jos\u00e9 Ornelas Carvalho<\/p>\n<p>Fraternidade no Di\u00e1logo Intercultural e Inter-religioso<br \/>\nDra. Diana de Vallescar Palanca<\/p>\n<p>A Fraternidade e a Reconstru\u00e7\u00e3o da Esperan\u00e7a<br \/>\nCardeal Jos\u00e9 Tolentino Mendon\u00e7a<\/p>\n<p>Perspetivas da Fraternidade sem Fronteiras<\/p>\n<p>Painel 2<br \/>\nHindu\u00edsmo &#8211; Shiv Kumar Singh<br \/>\nBudismo &#8211; Paulo Borges<br \/>\nCatolicismo &#8211; Pedro Vaz Patto<br \/>\nModerador &#8211; Adelino Ascenso<\/p>\n<p>Audit\u00f3rio Cardeal Medeiros | UCP-Lisboa | Tel: 218 855 460 |<br \/>\ncongressomissionario2022@gmail.com<\/p>\n<p><strong>[ <a href=\"https:\/\/conferenciaepiscopal.pt\/congressomissio22\/wp-content\/uploads\/2022\/07\/CongressoMissio22_Desdobravel.pdf\" target=\"_blank\" rel=\"noopener\">DESDOBR\u00c1VEL<\/a> ]<\/strong><\/p>\n<p>&nbsp;<\/p>\n<\/div><\/div><\/div><\/div><\/div><\/div>\n<p>[\/et_pb_tab][et_pb_tab title=&#8221;INSCRI\u00c7\u00d5ES&#8221; title_tablet=&#8221;PROGRAMA&#8221; title_phone=&#8221;PROGRAMA&#8221; _builder_version=&#8221;4.17.6&#8243; _module_preset=&#8221;default&#8221; vertical_offset_tablet=&#8221;0&#8243; vertical_offset_phone=&#8221;0&#8243; horizontal_offset_tablet=&#8221;0&#8243; horizontal_offset_phone=&#8221;0&#8243; background_color_gradient_direction_tablet=&#8221;180deg&#8221; background_color_gradient_direction_phone=&#8221;180deg&#8221; background_color_gradient_start_position_tablet=&#8221;0%&#8221; background_color_gradient_start_position_phone=&#8221;0%&#8221; background_color_gradient_end_position_tablet=&#8221;100%&#8221; background_color_gradient_end_position_phone=&#8221;100%&#8221; z_index_tablet=&#8221;0&#8243; z_index_phone=&#8221;0&#8243; hover_transition_duration_tablet=&#8221;300ms&#8221; hover_transition_duration_phone=&#8221;300ms&#8221; hover_transition_delay_tablet=&#8221;0ms&#8221; hover_transition_delay_phone=&#8221;0ms&#8221; body_text_shadow_horizontal_length_tablet=&#8221;0px&#8221; body_text_shadow_horizontal_length_phone=&#8221;0px&#8221; body_text_shadow_vertical_length_tablet=&#8221;0px&#8221; body_text_shadow_vertical_length_phone=&#8221;0px&#8221; body_text_shadow_blur_strength_tablet=&#8221;1px&#8221; body_text_shadow_blur_strength_phone=&#8221;1px&#8221; tab_text_shadow_horizontal_length_tablet=&#8221;0px&#8221; tab_text_shadow_horizontal_length_phone=&#8221;0px&#8221; tab_text_shadow_vertical_length_tablet=&#8221;0px&#8221; tab_text_shadow_vertical_length_phone=&#8221;0px&#8221; tab_text_shadow_blur_strength_tablet=&#8221;1px&#8221; tab_text_shadow_blur_strength_phone=&#8221;1px&#8221; body_link_text_shadow_horizontal_length_tablet=&#8221;0px&#8221; body_link_text_shadow_horizontal_length_phone=&#8221;0px&#8221; body_link_text_shadow_vertical_length_tablet=&#8221;0px&#8221; body_link_text_shadow_vertical_length_phone=&#8221;0px&#8221; body_link_text_shadow_blur_strength_tablet=&#8221;1px&#8221; body_link_text_shadow_blur_strength_phone=&#8221;1px&#8221; body_ul_text_shadow_horizontal_length_tablet=&#8221;0px&#8221; body_ul_text_shadow_horizontal_length_phone=&#8221;0px&#8221; body_ul_text_shadow_vertical_length_tablet=&#8221;0px&#8221; body_ul_text_shadow_vertical_length_phone=&#8221;0px&#8221; body_ul_text_shadow_blur_strength_tablet=&#8221;1px&#8221; body_ul_text_shadow_blur_strength_phone=&#8221;1px&#8221; body_ol_text_shadow_horizontal_length_tablet=&#8221;0px&#8221; body_ol_text_shadow_horizontal_length_phone=&#8221;0px&#8221; body_ol_text_shadow_vertical_length_tablet=&#8221;0px&#8221; body_ol_text_shadow_vertical_length_phone=&#8221;0px&#8221; body_ol_text_shadow_blur_strength_tablet=&#8221;1px&#8221; body_ol_text_shadow_blur_strength_phone=&#8221;1px&#8221; body_quote_text_shadow_horizontal_length_tablet=&#8221;0px&#8221; body_quote_text_shadow_horizontal_length_phone=&#8221;0px&#8221; body_quote_text_shadow_vertical_length_tablet=&#8221;0px&#8221; body_quote_text_shadow_vertical_length_phone=&#8221;0px&#8221; body_quote_text_shadow_blur_strength_tablet=&#8221;1px&#8221; body_quote_text_shadow_blur_strength_phone=&#8221;1px&#8221; global_colors_info=&#8221;{}&#8221;]<\/p>\n<div class=\"pt-cv-wrapper et_smooth_scroll_disabled\"><div class=\"pt-cv-view pt-cv-grid pt-cv-colsys\" id=\"pt-cv-view-a8b1ac2kc0\"><div data-id=\"pt-cv-page-1\" class=\"pt-cv-page\" data-cvc=\"1\"><div class=\"col-md-12 col-sm-12 col-xs-12 pt-cv-content-item pt-cv-1-col\" ><div class='pt-cv-ifield'><div class=\"pt-cv-content\"><p><iframe loading=\"lazy\" src=\"https:\/\/docs.google.com\/forms\/d\/e\/1FAIpQLSd21poIrQsyyM_kc4VLiCJvxE2sowh303SPbgA7rQ4YwivuXg\/viewform?embedded=true\" width=\"1000\" height=\"1170\" frameborder=\"0\" marginwidth=\"0\" marginheight=\"0\"><span data-mce-type=\"bookmark\" style=\"display: inline-block; width: 0px; overflow: hidden; line-height: 0;\" class=\"mce_SELRES_start\">\ufeff<\/span><span data-mce-type=\"bookmark\" style=\"display: inline-block; width: 0px; overflow: hidden; line-height: 0;\" class=\"mce_SELRES_start\">\ufeff<\/span>A carregar\u2026<\/iframe><\/p>\n<\/div><\/div><\/div><\/div><\/div><\/div>\n<p>[\/et_pb_tab][et_pb_tab title=&#8221;CARTAZ&#8221; title_tablet=&#8221;PROGRAMA&#8221; title_phone=&#8221;PROGRAMA&#8221; _builder_version=&#8221;4.17.6&#8243; _module_preset=&#8221;default&#8221; vertical_offset_tablet=&#8221;0&#8243; vertical_offset_phone=&#8221;0&#8243; horizontal_offset_tablet=&#8221;0&#8243; horizontal_offset_phone=&#8221;0&#8243; hover_enabled=&#8221;0&#8243; background_color_gradient_direction_tablet=&#8221;180deg&#8221; background_color_gradient_direction_phone=&#8221;180deg&#8221; background_color_gradient_start_position_tablet=&#8221;0%&#8221; background_color_gradient_start_position_phone=&#8221;0%&#8221; background_color_gradient_end_position_tablet=&#8221;100%&#8221; background_color_gradient_end_position_phone=&#8221;100%&#8221; z_index_tablet=&#8221;0&#8243; z_index_phone=&#8221;0&#8243; hover_transition_duration_tablet=&#8221;300ms&#8221; hover_transition_duration_phone=&#8221;300ms&#8221; hover_transition_delay_tablet=&#8221;0ms&#8221; hover_transition_delay_phone=&#8221;0ms&#8221; body_text_shadow_horizontal_length_tablet=&#8221;0px&#8221; body_text_shadow_horizontal_length_phone=&#8221;0px&#8221; body_text_shadow_vertical_length_tablet=&#8221;0px&#8221; body_text_shadow_vertical_length_phone=&#8221;0px&#8221; body_text_shadow_blur_strength_tablet=&#8221;1px&#8221; body_text_shadow_blur_strength_phone=&#8221;1px&#8221; tab_text_shadow_horizontal_length_tablet=&#8221;0px&#8221; tab_text_shadow_horizontal_length_phone=&#8221;0px&#8221; tab_text_shadow_vertical_length_tablet=&#8221;0px&#8221; tab_text_shadow_vertical_length_phone=&#8221;0px&#8221; tab_text_shadow_blur_strength_tablet=&#8221;1px&#8221; tab_text_shadow_blur_strength_phone=&#8221;1px&#8221; body_link_text_shadow_horizontal_length_tablet=&#8221;0px&#8221; body_link_text_shadow_horizontal_length_phone=&#8221;0px&#8221; body_link_text_shadow_vertical_length_tablet=&#8221;0px&#8221; body_link_text_shadow_vertical_length_phone=&#8221;0px&#8221; body_link_text_shadow_blur_strength_tablet=&#8221;1px&#8221; body_link_text_shadow_blur_strength_phone=&#8221;1px&#8221; body_ul_text_shadow_horizontal_length_tablet=&#8221;0px&#8221; body_ul_text_shadow_horizontal_length_phone=&#8221;0px&#8221; body_ul_text_shadow_vertical_length_tablet=&#8221;0px&#8221; body_ul_text_shadow_vertical_length_phone=&#8221;0px&#8221; body_ul_text_shadow_blur_strength_tablet=&#8221;1px&#8221; body_ul_text_shadow_blur_strength_phone=&#8221;1px&#8221; body_ol_text_shadow_horizontal_length_tablet=&#8221;0px&#8221; body_ol_text_shadow_horizontal_length_phone=&#8221;0px&#8221; body_ol_text_shadow_vertical_length_tablet=&#8221;0px&#8221; body_ol_text_shadow_vertical_length_phone=&#8221;0px&#8221; body_ol_text_shadow_blur_strength_tablet=&#8221;1px&#8221; body_ol_text_shadow_blur_strength_phone=&#8221;1px&#8221; body_quote_text_shadow_horizontal_length_tablet=&#8221;0px&#8221; body_quote_text_shadow_horizontal_length_phone=&#8221;0px&#8221; body_quote_text_shadow_vertical_length_tablet=&#8221;0px&#8221; body_quote_text_shadow_vertical_length_phone=&#8221;0px&#8221; body_quote_text_shadow_blur_strength_tablet=&#8221;1px&#8221; body_quote_text_shadow_blur_strength_phone=&#8221;1px&#8221; global_colors_info=&#8221;{}&#8221; sticky_enabled=&#8221;0&#8243;]<\/p>\n<div class=\"pt-cv-wrapper et_smooth_scroll_disabled\"><div class=\"pt-cv-view pt-cv-grid pt-cv-colsys\" id=\"pt-cv-view-cc2a803u7b\"><div data-id=\"pt-cv-page-1\" class=\"pt-cv-page\" data-cvc=\"1\"><div class=\"col-md-12 col-sm-12 col-xs-12 pt-cv-content-item pt-cv-1-col\" ><div class='pt-cv-ifield'><div class=\"pt-cv-content\"><p><img loading=\"lazy\" decoding=\"async\" class=\"alignnone wp-image-142 size-full\" src=\"https:\/\/conferenciaepiscopal.pt\/congressomissio22\/wp-content\/uploads\/2021\/09\/cartaz.jpg\" alt=\"\" width=\"1061\" height=\"1500\" srcset=\"https:\/\/conferenciaepiscopal.pt\/congressomissio22\/wp-content\/uploads\/2021\/09\/cartaz.jpg 1061w, https:\/\/conferenciaepiscopal.pt\/congressomissio22\/wp-content\/uploads\/2021\/09\/cartaz-980x1385.jpg 980w, https:\/\/conferenciaepiscopal.pt\/congressomissio22\/wp-content\/uploads\/2021\/09\/cartaz-480x679.jpg 480w\" sizes=\"(min-width: 0px) and (max-width: 480px) 480px, (min-width: 481px) and (max-width: 980px) 980px, (min-width: 981px) 1061px, 100vw\" \/><\/p>\n<p><strong>[ <a href=\"https:\/\/conferenciaepiscopal.pt\/congressomissio22\/wp-content\/uploads\/2021\/09\/CongressoMissio22_Cartaz.pdf\" target=\"_blank\" rel=\"noopener\">CARTAZ pdf<\/a> ]<\/strong><\/p>\n<\/div><\/div><\/div><\/div><\/div><\/div>\n<p>[\/et_pb_tab][\/et_pb_tabs][\/et_pb_column][\/et_pb_row][\/et_pb_section]<\/p>\n","protected":false},"excerpt":{"rendered":"<p><div class=\"pt-cv-wrapper et_smooth_scroll_disabled\"><div class=\"pt-cv-view pt-cv-grid pt-cv-colsys\" id=\"pt-cv-view-191d766edf\"><div data-id=\"pt-cv-page-1\" class=\"pt-cv-page\" data-cvc=\"1\"><div class=\"col-md-12 col-sm-12 col-xs-12 pt-cv-content-item pt-cv-1-col\" ><div class='pt-cv-ifield'><div class=\"pt-cv-content\"><p>14 de outubro de 2022<\/p>\n<p>Fraternidade sem Fronteiras e o Documento de Abu Dhabi<br \/>\nCardeal Miguel Angel Ayuso Guixot<\/p>\n<p>A Fraternidade na Cultura do Di\u00e1logo<br \/>\nProfessora Maria Isabel Capeloa Gil<\/p>\n<p>A Fraternidade na Pol\u00edtica, na Economia e no Modelo Social<br \/>\nDr. Guilherme d\u00b4Oliveira Martins<\/p>\n<p>Perspetivas da Fraternidade sem Fronteiras<br \/>\nPainel 1<br \/>\nIslamismo &#8211; Khalid Jamal<br \/>\nJuda\u00edsmo &#8211; Isaac Assor<br \/>\nCristianismo &#8211; Pedro Gil<br \/>\nModerador &#8211; Henrique Mota<\/p>\n<p>15 de outubro de 2022<\/p>\n<p>Fraternidade e Miss\u00e3o<br \/>\nD. Jos\u00e9 Ornelas Carvalho<\/p>\n<p>Fraternidade no Di\u00e1logo Intercultural e Inter-religioso<br \/>\nDra. Diana de Vallescar Palanca<\/p>\n<p>A Fraternidade e a Reconstru\u00e7\u00e3o da Esperan\u00e7a<br \/>\nCardeal Jos\u00e9 Tolentino Mendon\u00e7a<\/p>\n<p>Perspetivas da Fraternidade sem Fronteiras<\/p>\n<p>Painel 2<br \/>\nHindu\u00edsmo &#8211; Shiv Kumar Singh<br \/>\nBudismo &#8211; Paulo Borges<br \/>\nCatolicismo &#8211; Pedro Vaz Patto<br \/>\nModerador &#8211; Adelino Ascenso<\/p>\n<p>Audit\u00f3rio Cardeal Medeiros | UCP-Lisboa | Tel: 218 855 460 |<br \/>\ncongressomissionario2022@gmail.com<\/p>\n<p><strong>[ <a href=\"https:\/\/conferenciaepiscopal.pt\/congressomissio22\/wp-content\/uploads\/2022\/07\/CongressoMissio22_Desdobravel.pdf\" target=\"_blank\" rel=\"noopener\">DESDOBR\u00c1VEL<\/a> ]<\/strong><\/p>\n<p>&nbsp;<\/p>\n<\/div><\/div><\/div><\/div><\/div><\/div> <div class=\"pt-cv-wrapper et_smooth_scroll_disabled\"><div class=\"pt-cv-view pt-cv-grid pt-cv-colsys\" id=\"pt-cv-view-a8b1ac2kc0\"><div data-id=\"pt-cv-page-1\" class=\"pt-cv-page\" data-cvc=\"1\"><div class=\"col-md-12 col-sm-12 col-xs-12 pt-cv-content-item pt-cv-1-col\" ><div class='pt-cv-ifield'><div class=\"pt-cv-content\"><p><iframe loading=\"lazy\" src=\"https:\/\/docs.google.com\/forms\/d\/e\/1FAIpQLSd21poIrQsyyM_kc4VLiCJvxE2sowh303SPbgA7rQ4YwivuXg\/viewform?embedded=true\" width=\"1000\" height=\"1170\" frameborder=\"0\" marginwidth=\"0\" marginheight=\"0\"><span data-mce-type=\"bookmark\" style=\"display: inline-block; width: 0px; overflow: hidden; line-height: 0;\" class=\"mce_SELRES_start\">\ufeff<\/span><span data-mce-type=\"bookmark\" style=\"display: inline-block; width: 0px; overflow: hidden; line-height: 0;\" class=\"mce_SELRES_start\">\ufeff<\/span>A carregar\u2026<\/iframe><\/p>\n<\/div><\/div><\/div><\/div><\/div><\/div><div class=\"pt-cv-wrapper et_smooth_scroll_disabled\"><div class=\"pt-cv-view pt-cv-grid pt-cv-colsys\" id=\"pt-cv-view-cc2a803u7b\"><div data-id=\"pt-cv-page-1\" class=\"pt-cv-page\" data-cvc=\"1\"><div class=\"col-md-12 col-sm-12 col-xs-12 pt-cv-content-item pt-cv-1-col\" ><div class='pt-cv-ifield'><div class=\"pt-cv-content\"><p><img loading=\"lazy\" decoding=\"async\" class=\"alignnone wp-image-142 size-full\" src=\"https:\/\/conferenciaepiscopal.pt\/congressomissio22\/wp-content\/uploads\/2021\/09\/cartaz.jpg\" alt=\"\" width=\"1061\" height=\"1500\" srcset=\"https:\/\/conferenciaepiscopal.pt\/congressomissio22\/wp-content\/uploads\/2021\/09\/cartaz.jpg 1061w, https:\/\/conferenciaepiscopal.pt\/congressomissio22\/wp-content\/uploads\/2021\/09\/cartaz-980x1385.jpg 980w, https:\/\/conferenciaepiscopal.pt\/congressomissio22\/wp-content\/uploads\/2021\/09\/cartaz-480x679.jpg 480w\" sizes=\"(min-width: 0px) and (max-width: 480px) 480px, (min-width: 481px) and (max-width: 980px) 980px, (min-width: 981px) 1061px, 100vw\" \/><\/p>\n<p><strong>[ <a href=\"https:\/\/conferenciaepiscopal.pt\/congressomissio22\/wp-content\/uploads\/2021\/09\/CongressoMissio22_Cartaz.pdf\" target=\"_blank\" rel=\"noopener\">CARTAZ pdf<\/a> ]<\/strong><\/p>\n<\/div><\/div><\/div><\/div><\/div><\/div><\/p>\n","protected":false},"author":1,"featured_media":0,"parent":0,"menu_order":0,"comment_status":"closed","ping_status":"closed","template":"page-template-blank.php","meta":{"_et_pb_use_builder":"on","_et_pb_old_content":"","_et_gb_content_width":"","footnotes":""},"class_list":["post-13","page","type-page","status-publish","hentry"],"_links":{"self":[{"href":"https:\/\/conferenciaepiscopal.pt\/congressomissio22\/wp-json\/wp\/v2\/pages\/13","targetHints":{"allow":["GET"]}}],"collection":[{"href":"https:\/\/conferenciaepiscopal.pt\/congressomissio22\/wp-json\/wp\/v2\/pages"}],"about":[{"href":"https:\/\/conferenciaepiscopal.pt\/congressomissio22\/wp-json\/wp\/v2\/types\/page"}],"author":[{"embeddable":true,"href":"https:\/\/conferenciaepiscopal.pt\/congressomissio22\/wp-json\/wp\/v2\/users\/1"}],"replies":[{"embeddable":true,"href":"https:\/\/conferenciaepiscopal.pt\/congressomissio22\/wp-json\/wp\/v2\/comments?post=13"}],"version-history":[{"count":33,"href":"https:\/\/conferenciaepiscopal.pt\/congressomissio22\/wp-json\/wp\/v2\/pages\/13\/revisions"}],"predecessor-version":[{"id":146,"href":"https:\/\/conferenciaepiscopal.pt\/congressomissio22\/wp-json\/wp\/v2\/pages\/13\/revisions\/146"}],"wp:attachment":[{"href":"https:\/\/conferenciaepiscopal.pt\/congressomissio22\/wp-json\/wp\/v2\/media?parent=13"}],"curies":[{"name":"wp","href":"https:\/\/api.w.org\/{rel}","templated":true}]}}